{"id":12,"date":"2017-01-02T09:41:12","date_gmt":"2017-01-02T11:41:12","guid":{"rendered":"http:\/\/suvalkija.kuriamas.lt\/?page_id=12"},"modified":"2018-01-22T12:18:30","modified_gmt":"2018-01-22T14:18:30","slug":"kontaktai","status":"publish","type":"page","link":"http:\/\/suvalkija.lt\/ru\/kontaktai\/","title":{"rendered":"\u041a\u043e\u043d\u0442\u0430\u043a\u0442\u044b"},"content":{"rendered":"<p><\/p>\n<div class=\"row\">\n<div class=\"col-xs-12 col-sm-6 col-md-6 col-lg-6\">Marijampol\u0117s dainos myl\u0117toj\u0173 klubas \u201eSuvalkija\u201c<br \/>\nP.Armino g. 90C-1<br \/>\nLT-68127 Marijampol\u0117<br \/>\nTel.\/faks. (8 343) 53316,<br \/>\nMob. tel.:<a href=\"tel:+37068744569\">+370 687 44569<\/a><\/div>\n<div class=\"col-xs-12 col-sm-6 col-md-6 col-lg-6\">\n<div role=\"form\" class=\"wpcf7\" id=\"wpcf7-f105-o3\" lang=\"ru-RU\" dir=\"ltr\">\n<div class=\"screen-reader-response\"><\/div>\n<form action=\"\/ru\/wp-json\/wp\/v2\/pages\/12#wpcf7-f105-o3\" method=\"post\" class=\"wpcf7-form\" novalidate=\"novalidate\">\n<div style=\"display: none;\">\n<input type=\"hidden\" name=\"_wpcf7\" value=\"105\" \/><br \/>\n<input type=\"hidden\" name=\"_wpcf7_version\" value=\"5.0.5\" \/><br \/>\n<input type=\"hidden\" name=\"_wpcf7_locale\" value=\"ru_RU\" \/><br \/>\n<input type=\"hidden\" name=\"_wpcf7_unit_tag\" value=\"wpcf7-f105-o3\" \/><br \/>\n<input type=\"hidden\" name=\"_wpcf7_container_post\" value=\"0\" \/>\n<\/div>\n<div class=\"row\">\n<div class=\"col-xs-12 col-sm-6 col-md-6 col-lg-6\">\n<span class=\"wpcf7-form-control-wrap your-name\"><input type=\"text\" name=\"your-name\" value=\"\" size=\"40\" class=\"wpcf7-form-control wpcf7-text wpcf7-validates-as-required\" aria-required=\"true\" aria-invalid=\"false\" placeholder=\"\u0412\u0430\u0448\u0435 \u0438\u043c\u044f (\u043e\u0431\u044f\u0437\u0430\u0442\u0435\u043b\u044c\u043d\u043e)\" \/><\/span><br \/>\n<span class=\"wpcf7-form-control-wrap your-email\"><input type=\"email\" name=\"your-email\" value=\"\" size=\"40\" class=\"wpcf7-form-control wpcf7-text wpcf7-email wpcf7-validates-as-required wpcf7-validates-as-email\" aria-required=\"true\" aria-invalid=\"false\" placeholder=\"\u0412\u0430\u0448 e-mail (\u043e\u0431\u044f\u0437\u0430\u0442\u0435\u043b\u044c\u043d\u043e)\" \/><\/span><br \/>\n<span class=\"wpcf7-form-control-wrap your-subject\"><input type=\"text\" name=\"your-subject\" value=\"\" size=\"40\" class=\"wpcf7-form-control wpcf7-text\" aria-invalid=\"false\" placeholder=\"\u0422\u0435\u043c\u0430\" \/><\/span>\n<\/div>\n<div class=\"col-xs-12 col-sm-6 col-md-6 col-lg-6\">\n<span class=\"wpcf7-form-control-wrap your-message\"><textarea name=\"your-message\" cols=\"40\" rows=\"5\" class=\"wpcf7-form-control wpcf7-textarea\" aria-invalid=\"false\" placeholder=\"\u0421\u043e\u043e\u0431\u0449\u0435\u043d\u0438\u0435\"><\/textarea><\/span><br \/>\n<input type=\"submit\" value=\"\u041e\u0442\u043f\u0440\u0430\u0432\u0438\u0442\u044c\" class=\"wpcf7-form-control wpcf7-submit\" \/>\n<\/div>\n<\/div>\n<div class=\"wpcf7-response-output wpcf7-display-none\"><\/div>\n<\/form>\n<\/div>\n<\/div>\n<\/div>\n<p><\/p>","protected":false},"excerpt":{"rendered":"<p>Marijampol\u0117s dainos myl\u0117toj\u0173 klubas \u201eSuvalkija\u201c P.Armino g. 90C-1 LT-68127 Marijampol\u0117 Tel.\/faks. (8 343) 53316, Mob. tel.:+370 687 44569<\/p>\n","protected":false},"author":1,"featured_media":0,"parent":0,"menu_order":0,"comment_status":"closed","ping_status":"closed","template":"","meta":[],"_links":{"self":[{"href":"http:\/\/suvalkija.lt\/ru\/wp-json\/wp\/v2\/pages\/12"}],"collection":[{"href":"http:\/\/suvalkija.lt\/ru\/wp-json\/wp\/v2\/pages"}],"about":[{"href":"http:\/\/suvalkija.lt\/ru\/wp-json\/wp\/v2\/types\/page"}],"author":[{"embeddable":true,"href":"http:\/\/suvalkija.lt\/ru\/wp-json\/wp\/v2\/users\/1"}],"replies":[{"embeddable":true,"href":"http:\/\/suvalkija.lt\/ru\/wp-json\/wp\/v2\/comments?post=12"}],"version-history":[{"count":14,"href":"http:\/\/suvalkija.lt\/ru\/wp-json\/wp\/v2\/pages\/12\/revisions"}],"predecessor-version":[{"id":453,"href":"http:\/\/suvalkija.lt\/ru\/wp-json\/wp\/v2\/pages\/12\/revisions\/453"}],"wp:attachment":[{"href":"http:\/\/suvalkija.lt\/ru\/wp-json\/wp\/v2\/media?parent=12"}],"curies":[{"name":"wp","href":"https:\/\/api.w.org\/{rel}","templated":true}]}}