{"id":14,"date":"2020-04-10T17:45:00","date_gmt":"2020-04-10T14:45:00","guid":{"rendered":"http:\/\/suvalkija.kuriamas.lt\/?page_id=14"},"modified":"2023-05-30T13:28:23","modified_gmt":"2023-05-30T10:28:23","slug":"renginiai","status":"publish","type":"page","link":"http:\/\/suvalkija.lt\/en\/renginiai\/","title":{"rendered":"Events"},"content":{"rendered":"<figure class=\"wp-block-image size-large\"><img loading=\"lazy\" width=\"1024\" height=\"724\" src=\"http:\/\/suvalkija.lt\/wp-content\/uploads\/2023\/05\/Plakatas-06-04-1024x724.jpg\" alt=\"\" class=\"wp-image-1100\" srcset=\"http:\/\/suvalkija.lt\/wp-content\/uploads\/2023\/05\/Plakatas-06-04-1024x724.jpg 1024w, http:\/\/suvalkija.lt\/wp-content\/uploads\/2023\/05\/Plakatas-06-04-350x247.jpg 350w, http:\/\/suvalkija.lt\/wp-content\/uploads\/2023\/05\/Plakatas-06-04-768x543.jpg 768w, http:\/\/suvalkija.lt\/wp-content\/uploads\/2023\/05\/Plakatas-06-04-1536x1086.jpg 1536w, http:\/\/suvalkija.lt\/wp-content\/uploads\/2023\/05\/Plakatas-06-04-2048x1448.jpg 2048w\" sizes=\"(max-width: 1024px) 100vw, 1024px\" \/><\/figure>\n\n\n\n<figure class=\"wp-block-image size-large\"><img loading=\"lazy\" width=\"1024\" height=\"724\" src=\"http:\/\/suvalkija.lt\/wp-content\/uploads\/2023\/05\/Plakatas-06-03-Jaunieji-Maestro-1024x724.jpg\" alt=\"\" class=\"wp-image-1097\" srcset=\"http:\/\/suvalkija.lt\/wp-content\/uploads\/2023\/05\/Plakatas-06-03-Jaunieji-Maestro-1024x724.jpg 1024w, http:\/\/suvalkija.lt\/wp-content\/uploads\/2023\/05\/Plakatas-06-03-Jaunieji-Maestro-350x247.jpg 350w, http:\/\/suvalkija.lt\/wp-content\/uploads\/2023\/05\/Plakatas-06-03-Jaunieji-Maestro-768x543.jpg 768w, http:\/\/suvalkija.lt\/wp-content\/uploads\/2023\/05\/Plakatas-06-03-Jaunieji-Maestro-1536x1086.jpg 1536w, http:\/\/suvalkija.lt\/wp-content\/uploads\/2023\/05\/Plakatas-06-03-Jaunieji-Maestro-2048x1448.jpg 2048w\" sizes=\"(max-width: 1024px) 100vw, 1024px\" \/><\/figure>\n\n\n\n<figure class=\"wp-block-image size-large\"><img loading=\"lazy\" width=\"1024\" height=\"724\" src=\"http:\/\/suvalkija.lt\/wp-content\/uploads\/2023\/05\/Plakatas-06-02-studentu-koncertas-3-1024x724.jpg\" alt=\"\" class=\"wp-image-1094\" srcset=\"http:\/\/suvalkija.lt\/wp-content\/uploads\/2023\/05\/Plakatas-06-02-studentu-koncertas-3-1024x724.jpg 1024w, http:\/\/suvalkija.lt\/wp-content\/uploads\/2023\/05\/Plakatas-06-02-studentu-koncertas-3-350x247.jpg 350w, http:\/\/suvalkija.lt\/wp-content\/uploads\/2023\/05\/Plakatas-06-02-studentu-koncertas-3-768x543.jpg 768w, http:\/\/suvalkija.lt\/wp-content\/uploads\/2023\/05\/Plakatas-06-02-studentu-koncertas-3-1536x1086.jpg 1536w, http:\/\/suvalkija.lt\/wp-content\/uploads\/2023\/05\/Plakatas-06-02-studentu-koncertas-3-2048x1448.jpg 2048w\" sizes=\"(max-width: 1024px) 100vw, 1024px\" \/><\/figure>\n\n\n\n<figure class=\"wp-block-image size-large\"><img loading=\"lazy\" width=\"1024\" height=\"724\" src=\"http:\/\/suvalkija.lt\/wp-content\/uploads\/2023\/05\/Kvietimas-birzelio-3-diena-Jaunieji-Maestro-1024x724.jpg\" alt=\"\" class=\"wp-image-1081\" srcset=\"http:\/\/suvalkija.lt\/wp-content\/uploads\/2023\/05\/Kvietimas-birzelio-3-diena-Jaunieji-Maestro-1024x724.jpg 1024w, http:\/\/suvalkija.lt\/wp-content\/uploads\/2023\/05\/Kvietimas-birzelio-3-diena-Jaunieji-Maestro-350x247.jpg 350w, http:\/\/suvalkija.lt\/wp-content\/uploads\/2023\/05\/Kvietimas-birzelio-3-diena-Jaunieji-Maestro-768x543.jpg 768w, http:\/\/suvalkija.lt\/wp-content\/uploads\/2023\/05\/Kvietimas-birzelio-3-diena-Jaunieji-Maestro-1536x1086.jpg 1536w, http:\/\/suvalkija.lt\/wp-content\/uploads\/2023\/05\/Kvietimas-birzelio-3-diena-Jaunieji-Maestro-2048x1448.jpg 2048w\" sizes=\"(max-width: 1024px) 100vw, 1024px\" \/><\/figure>\n\n\n\n<figure class=\"wp-block-image size-large\"><img loading=\"lazy\" width=\"1024\" height=\"724\" src=\"http:\/\/suvalkija.lt\/wp-content\/uploads\/2023\/05\/Plakatas-05-07-Zvirgzdaiciai-Suvalkija-1-1024x724.jpg\" alt=\"\" class=\"wp-image-1075\" srcset=\"http:\/\/suvalkija.lt\/wp-content\/uploads\/2023\/05\/Plakatas-05-07-Zvirgzdaiciai-Suvalkija-1-1024x724.jpg 1024w, http:\/\/suvalkija.lt\/wp-content\/uploads\/2023\/05\/Plakatas-05-07-Zvirgzdaiciai-Suvalkija-1-350x247.jpg 350w, http:\/\/suvalkija.lt\/wp-content\/uploads\/2023\/05\/Plakatas-05-07-Zvirgzdaiciai-Suvalkija-1-768x543.jpg 768w, http:\/\/suvalkija.lt\/wp-content\/uploads\/2023\/05\/Plakatas-05-07-Zvirgzdaiciai-Suvalkija-1-1536x1086.jpg 1536w, http:\/\/suvalkija.lt\/wp-content\/uploads\/2023\/05\/Plakatas-05-07-Zvirgzdaiciai-Suvalkija-1-2048x1448.jpg 2048w\" sizes=\"(max-width: 1024px) 100vw, 1024px\" \/><\/figure>\n\n\n\n<figure class=\"wp-block-image size-large\"><img loading=\"lazy\" width=\"1024\" height=\"724\" src=\"http:\/\/suvalkija.lt\/wp-content\/uploads\/2023\/04\/Plakatas-04-30-1-1024x724.jpg\" alt=\"\" class=\"wp-image-1067\" srcset=\"http:\/\/suvalkija.lt\/wp-content\/uploads\/2023\/04\/Plakatas-04-30-1-1024x724.jpg 1024w, http:\/\/suvalkija.lt\/wp-content\/uploads\/2023\/04\/Plakatas-04-30-1-350x247.jpg 350w, http:\/\/suvalkija.lt\/wp-content\/uploads\/2023\/04\/Plakatas-04-30-1-768x543.jpg 768w, http:\/\/suvalkija.lt\/wp-content\/uploads\/2023\/04\/Plakatas-04-30-1-1536x1086.jpg 1536w, http:\/\/suvalkija.lt\/wp-content\/uploads\/2023\/04\/Plakatas-04-30-1-2048x1448.jpg 2048w\" sizes=\"(max-width: 1024px) 100vw, 1024px\" \/><\/figure>\n\n\n\n<figure class=\"wp-block-image size-large\"><img loading=\"lazy\" width=\"1024\" height=\"724\" src=\"http:\/\/suvalkija.lt\/wp-content\/uploads\/2022\/08\/2022-skelbimai_08-15-1-1-1024x724.jpg\" alt=\"\" class=\"wp-image-1014\" srcset=\"http:\/\/suvalkija.lt\/wp-content\/uploads\/2022\/08\/2022-skelbimai_08-15-1-1-1024x724.jpg 1024w, http:\/\/suvalkija.lt\/wp-content\/uploads\/2022\/08\/2022-skelbimai_08-15-1-1-350x247.jpg 350w, http:\/\/suvalkija.lt\/wp-content\/uploads\/2022\/08\/2022-skelbimai_08-15-1-1-768x543.jpg 768w, http:\/\/suvalkija.lt\/wp-content\/uploads\/2022\/08\/2022-skelbimai_08-15-1-1-1536x1086.jpg 1536w, http:\/\/suvalkija.lt\/wp-content\/uploads\/2022\/08\/2022-skelbimai_08-15-1-1-2048x1448.jpg 2048w\" sizes=\"(max-width: 1024px) 100vw, 1024px\" \/><\/figure>\n\n\n\n<figure class=\"wp-block-image size-large\"><img loading=\"lazy\" width=\"1024\" height=\"724\" src=\"http:\/\/suvalkija.lt\/wp-content\/uploads\/2022\/06\/2022-06-26-skelbimai-1024x724.jpg\" alt=\"\" class=\"wp-image-1008\" srcset=\"http:\/\/suvalkija.lt\/wp-content\/uploads\/2022\/06\/2022-06-26-skelbimai-1024x724.jpg 1024w, http:\/\/suvalkija.lt\/wp-content\/uploads\/2022\/06\/2022-06-26-skelbimai-350x247.jpg 350w, http:\/\/suvalkija.lt\/wp-content\/uploads\/2022\/06\/2022-06-26-skelbimai-768x543.jpg 768w, http:\/\/suvalkija.lt\/wp-content\/uploads\/2022\/06\/2022-06-26-skelbimai-1536x1086.jpg 1536w, http:\/\/suvalkija.lt\/wp-content\/uploads\/2022\/06\/2022-06-26-skelbimai-2048x1448.jpg 2048w\" sizes=\"(max-width: 1024px) 100vw, 1024px\" \/><\/figure>\n\n\n\n<figure class=\"wp-block-image size-large\"><img loading=\"lazy\" width=\"1024\" height=\"724\" src=\"http:\/\/suvalkija.lt\/wp-content\/uploads\/2022\/06\/2022-06-19-skelbimai-1-1024x724.jpg\" alt=\"\" class=\"wp-image-1004\" srcset=\"http:\/\/suvalkija.lt\/wp-content\/uploads\/2022\/06\/2022-06-19-skelbimai-1-1024x724.jpg 1024w, http:\/\/suvalkija.lt\/wp-content\/uploads\/2022\/06\/2022-06-19-skelbimai-1-350x247.jpg 350w, http:\/\/suvalkija.lt\/wp-content\/uploads\/2022\/06\/2022-06-19-skelbimai-1-768x543.jpg 768w, http:\/\/suvalkija.lt\/wp-content\/uploads\/2022\/06\/2022-06-19-skelbimai-1-1536x1086.jpg 1536w, http:\/\/suvalkija.lt\/wp-content\/uploads\/2022\/06\/2022-06-19-skelbimai-1-2048x1448.jpg 2048w\" sizes=\"(max-width: 1024px) 100vw, 1024px\" \/><\/figure>\n\n\n\n<figure class=\"wp-block-image size-large\"><img loading=\"lazy\" width=\"1024\" height=\"724\" src=\"http:\/\/suvalkija.lt\/wp-content\/uploads\/2022\/06\/2022-skelbimai_06-12-1-1024x724.jpg\" alt=\"\" class=\"wp-image-992\" srcset=\"http:\/\/suvalkija.lt\/wp-content\/uploads\/2022\/06\/2022-skelbimai_06-12-1-1024x724.jpg 1024w, http:\/\/suvalkija.lt\/wp-content\/uploads\/2022\/06\/2022-skelbimai_06-12-1-350x247.jpg 350w, http:\/\/suvalkija.lt\/wp-content\/uploads\/2022\/06\/2022-skelbimai_06-12-1-768x543.jpg 768w, http:\/\/suvalkija.lt\/wp-content\/uploads\/2022\/06\/2022-skelbimai_06-12-1-1536x1086.jpg 1536w, http:\/\/suvalkija.lt\/wp-content\/uploads\/2022\/06\/2022-skelbimai_06-12-1-2048x1448.jpg 2048w\" sizes=\"(max-width: 1024px) 100vw, 1024px\" \/><\/figure>\n\n\n\n<figure class=\"wp-block-image size-large\"><img loading=\"lazy\" width=\"1024\" height=\"724\" src=\"http:\/\/suvalkija.lt\/wp-content\/uploads\/2022\/06\/2022-skelbimai_06-11-4-1024x724.jpg\" alt=\"\" class=\"wp-image-991\" srcset=\"http:\/\/suvalkija.lt\/wp-content\/uploads\/2022\/06\/2022-skelbimai_06-11-4-1024x724.jpg 1024w, http:\/\/suvalkija.lt\/wp-content\/uploads\/2022\/06\/2022-skelbimai_06-11-4-350x247.jpg 350w, http:\/\/suvalkija.lt\/wp-content\/uploads\/2022\/06\/2022-skelbimai_06-11-4-768x543.jpg 768w, http:\/\/suvalkija.lt\/wp-content\/uploads\/2022\/06\/2022-skelbimai_06-11-4-1536x1086.jpg 1536w, http:\/\/suvalkija.lt\/wp-content\/uploads\/2022\/06\/2022-skelbimai_06-11-4-2048x1448.jpg 2048w\" sizes=\"(max-width: 1024px) 100vw, 1024px\" \/><\/figure>\n\n\n\n<figure class=\"wp-block-image size-large\"><img loading=\"lazy\" width=\"1024\" height=\"724\" src=\"http:\/\/suvalkija.lt\/wp-content\/uploads\/2022\/06\/2022-skelbimai_06-05-1-1024x724.jpg\" alt=\"\" class=\"wp-image-986\" srcset=\"http:\/\/suvalkija.lt\/wp-content\/uploads\/2022\/06\/2022-skelbimai_06-05-1-1024x724.jpg 1024w, http:\/\/suvalkija.lt\/wp-content\/uploads\/2022\/06\/2022-skelbimai_06-05-1-350x247.jpg 350w, http:\/\/suvalkija.lt\/wp-content\/uploads\/2022\/06\/2022-skelbimai_06-05-1-768x543.jpg 768w, http:\/\/suvalkija.lt\/wp-content\/uploads\/2022\/06\/2022-skelbimai_06-05-1-1536x1086.jpg 1536w, http:\/\/suvalkija.lt\/wp-content\/uploads\/2022\/06\/2022-skelbimai_06-05-1-2048x1448.jpg 2048w\" sizes=\"(max-width: 1024px) 100vw, 1024px\" \/><\/figure>\n\n\n\n<figure class=\"wp-block-image size-large\"><img loading=\"lazy\" width=\"1024\" height=\"724\" src=\"http:\/\/suvalkija.lt\/wp-content\/uploads\/2022\/05\/2022-05-29-plakatas-1-1024x724.jpg\" alt=\"\" class=\"wp-image-974\" srcset=\"http:\/\/suvalkija.lt\/wp-content\/uploads\/2022\/05\/2022-05-29-plakatas-1-1024x724.jpg 1024w, http:\/\/suvalkija.lt\/wp-content\/uploads\/2022\/05\/2022-05-29-plakatas-1-350x247.jpg 350w, http:\/\/suvalkija.lt\/wp-content\/uploads\/2022\/05\/2022-05-29-plakatas-1-768x543.jpg 768w, http:\/\/suvalkija.lt\/wp-content\/uploads\/2022\/05\/2022-05-29-plakatas-1-1536x1086.jpg 1536w, http:\/\/suvalkija.lt\/wp-content\/uploads\/2022\/05\/2022-05-29-plakatas-1-2048x1448.jpg 2048w\" sizes=\"(max-width: 1024px) 100vw, 1024px\" \/><\/figure>\n\n\n\n<figure class=\"wp-block-image size-large\"><img src=\"http:\/\/suvalkija.lt\/wp-content\/uploads\/2022\/05\/2022-05-22-Domeikavos-baznycia-1024x724.jpg\" alt=\"\" class=\"wp-image-963\"\/><\/figure>\n\n\n\n<figure class=\"wp-block-image size-large\"><img src=\"http:\/\/suvalkija.lt\/wp-content\/uploads\/2022\/05\/2022-05-18-Domeikava-seminaras-1024x724.jpg\" alt=\"\" class=\"wp-image-960\"\/><\/figure>\n\n\n\n<figure class=\"wp-block-image size-large\"><img src=\"http:\/\/suvalkija.lt\/wp-content\/uploads\/2022\/05\/XXIII-festivalio-2022-05-15-LRT-choro-koncertas-1024x724.jpg\" alt=\"\" class=\"wp-image-957\"\/><\/figure>\n\n\n\n<figure class=\"wp-block-image size-large\"><img src=\"http:\/\/suvalkija.lt\/wp-content\/uploads\/2022\/05\/2022-05-08-Aidas-su-Suvalkija-1024x724.jpg\" alt=\"\" class=\"wp-image-952\"\/><\/figure>\n\n\n\n<figure class=\"wp-block-image size-large\"><img src=\"http:\/\/suvalkija.lt\/wp-content\/uploads\/2022\/05\/2022-05-05-seminaras-1024x724.jpg\" alt=\"\" class=\"wp-image-949\"\/><\/figure>\n\n\n\n<figure class=\"wp-block-image size-large\"><img src=\"http:\/\/suvalkija.lt\/wp-content\/uploads\/2022\/04\/2022-skelbimai_04-24_3-Valstybinis-choras-1-1024x724.jpg\" alt=\"\" class=\"wp-image-945\"\/><\/figure>\n\n\n\n<figure class=\"wp-block-image size-large\"><img src=\"http:\/\/suvalkija.lt\/wp-content\/uploads\/2022\/04\/2022-skelbimai_atidar-4-1-1024x724.jpg\" alt=\"\" class=\"wp-image-940\"\/><\/figure>\n\n\n\n<figure class=\"wp-block-image size-large\"><img src=\"http:\/\/suvalkija.lt\/wp-content\/uploads\/2022\/04\/2022-04-18-Sv.Misios-ir-sakr.-muz.-koncertas-1024x724.jpg\" alt=\"\" class=\"wp-image-932\"\/><\/figure>\n\n\n\n<figure class=\"wp-block-image size-large\"><img loading=\"lazy\" width=\"1024\" height=\"724\" src=\"http:\/\/suvalkija.lt\/wp-content\/uploads\/2021\/06\/Plakatai_06-20-1-1024x724.jpg\" alt=\"\" class=\"wp-image-917\" srcset=\"http:\/\/suvalkija.lt\/wp-content\/uploads\/2021\/06\/Plakatai_06-20-1-1024x724.jpg 1024w, http:\/\/suvalkija.lt\/wp-content\/uploads\/2021\/06\/Plakatai_06-20-1-350x247.jpg 350w, http:\/\/suvalkija.lt\/wp-content\/uploads\/2021\/06\/Plakatai_06-20-1-768x543.jpg 768w, http:\/\/suvalkija.lt\/wp-content\/uploads\/2021\/06\/Plakatai_06-20-1-1536x1086.jpg 1536w, http:\/\/suvalkija.lt\/wp-content\/uploads\/2021\/06\/Plakatai_06-20-1-2048x1448.jpg 2048w\" sizes=\"(max-width: 1024px) 100vw, 1024px\" \/><\/figure>\n\n\n\n<figure class=\"wp-block-image size-large\"><img loading=\"lazy\" width=\"1024\" height=\"724\" src=\"http:\/\/suvalkija.lt\/wp-content\/uploads\/2021\/05\/POLIFONIJA_05-30-4-1-1024x724.jpg\" alt=\"\" class=\"wp-image-907\" srcset=\"http:\/\/suvalkija.lt\/wp-content\/uploads\/2021\/05\/POLIFONIJA_05-30-4-1-1024x724.jpg 1024w, http:\/\/suvalkija.lt\/wp-content\/uploads\/2021\/05\/POLIFONIJA_05-30-4-1-350x247.jpg 350w, http:\/\/suvalkija.lt\/wp-content\/uploads\/2021\/05\/POLIFONIJA_05-30-4-1-768x543.jpg 768w, http:\/\/suvalkija.lt\/wp-content\/uploads\/2021\/05\/POLIFONIJA_05-30-4-1-1536x1086.jpg 1536w, http:\/\/suvalkija.lt\/wp-content\/uploads\/2021\/05\/POLIFONIJA_05-30-4-1-2048x1448.jpg 2048w\" sizes=\"(max-width: 1024px) 100vw, 1024px\" \/><\/figure>\n\n\n\n<figure class=\"wp-block-embed is-type-video is-provider-youtube wp-block-embed-youtube wp-embed-aspect-16-9 wp-has-aspect-ratio\"><div class=\"wp-block-embed__wrapper\">\n<iframe loading=\"lazy\" title=\"Virtualus muzikinis tiltas Marijampol\u0117 \u2013 Kretinga \u2013Naujoji Akmen\u0117. Kompozitoriaus A.\u017dilio jubiliejui\" width=\"500\" height=\"281\" src=\"https:\/\/www.youtube.com\/embed\/7x8rpCdkVlU?feature=oembed\" frameborder=\"0\" allow=\"accelerometer; autoplay; clipboard-write; encrypted-media; gyroscope; picture-in-picture; web-share\" allowfullscreen><\/iframe>\n<\/div><\/figure>\n\n\n\n<figure class=\"wp-block-embed is-type-video is-provider-youtube wp-block-embed-youtube wp-embed-aspect-16-9 wp-has-aspect-ratio\"><div class=\"wp-block-embed__wrapper\">\n<iframe loading=\"lazy\" title=\"AVE MARIA -  Franz Schubert\" width=\"500\" height=\"281\" src=\"https:\/\/www.youtube.com\/embed\/vGMX3oEI4RQ?feature=oembed\" frameborder=\"0\" allow=\"accelerometer; autoplay; clipboard-write; encrypted-media; gyroscope; picture-in-picture; web-share\" allowfullscreen><\/iframe>\n<\/div><\/figure>\n\n\n\n<figure class=\"wp-block-embed is-type-video is-provider-youtube wp-block-embed-youtube wp-embed-aspect-16-9 wp-has-aspect-ratio\"><div class=\"wp-block-embed__wrapper\">\n<iframe loading=\"lazy\" title=\"Moter\u0173 choras \u201eLiepos\u201c\" width=\"500\" height=\"281\" src=\"https:\/\/www.youtube.com\/embed\/x2nanMNdPOs?feature=oembed\" frameborder=\"0\" allow=\"accelerometer; autoplay; clipboard-write; encrypted-media; gyroscope; picture-in-picture; web-share\" allowfullscreen><\/iframe>\n<\/div><\/figure>\n\n\n\n<figure class=\"wp-block-embed is-type-video is-provider-youtube wp-block-embed-youtube wp-embed-aspect-16-9 wp-has-aspect-ratio\"><div class=\"wp-block-embed__wrapper\">\n<iframe loading=\"lazy\" title=\"\u0160iauli\u0173 berniuk\u0173 ir jaunuoli\u0173 choras \u201eDagil\u0117lis\u201c\" width=\"500\" height=\"281\" src=\"https:\/\/www.youtube.com\/embed\/6BgWiSpYgfY?feature=oembed\" frameborder=\"0\" allow=\"accelerometer; autoplay; clipboard-write; encrypted-media; gyroscope; picture-in-picture; web-share\" allowfullscreen><\/iframe>\n<\/div><\/figure>\n\n\n\n<figure class=\"wp-block-embed is-type-video is-provider-youtube wp-block-embed-youtube wp-embed-aspect-16-9 wp-has-aspect-ratio\"><div class=\"wp-block-embed__wrapper\">\n<iframe loading=\"lazy\" title=\"Arvo P\u00e4rt - MAGNIFICAT by \u0160iauliai State Chamber Choir &quot;Polifonija&quot;\" width=\"500\" height=\"281\" src=\"https:\/\/www.youtube.com\/embed\/flViq7Mc4sI?feature=oembed\" frameborder=\"0\" allow=\"accelerometer; autoplay; clipboard-write; encrypted-media; gyroscope; picture-in-picture; web-share\" allowfullscreen><\/iframe>\n<\/div><\/figure>\n\n\n<p><iframe loading=\"lazy\" title=\"\u0160iauli\u0173 valstybinis kamerinis choras \u201ePolifonija\u201c\" width=\"500\" height=\"281\" src=\"https:\/\/www.youtube.com\/embed\/TpVVdurIifA?feature=oembed\" frameborder=\"0\" allow=\"accelerometer; autoplay; clipboard-write; encrypted-media; gyroscope; picture-in-picture; web-share\" allowfullscreen><\/iframe><\/p>\n<p>https:\/\/youtu.be\/QFN1nBgD2RQ<\/p>\n<p><iframe loading=\"lazy\" title=\"Klaip\u0117dos choras &quot;Aukuras&quot; - Franco \u0160uberto STABAT MATER\" width=\"500\" height=\"281\" src=\"https:\/\/www.youtube.com\/embed\/ep9MjtNzI54?feature=oembed\" frameborder=\"0\" allow=\"accelerometer; autoplay; clipboard-write; encrypted-media; gyroscope; picture-in-picture; web-share\" allowfullscreen><\/iframe><\/p>\n<p><iframe loading=\"lazy\" title=\"U\u017dAUGO SU FESTIVALIU...\" width=\"500\" height=\"281\" src=\"https:\/\/www.youtube.com\/embed\/Pmm4l_wsEYg?feature=oembed\" frameborder=\"0\" allow=\"accelerometer; autoplay; clipboard-write; encrypted-media; gyroscope; picture-in-picture; web-share\" allowfullscreen><\/iframe><\/p>\n<p><iframe loading=\"lazy\" title=\"&quot;Acusto&quot; - Kauno vokalinis ansamblis\" width=\"500\" height=\"281\" src=\"https:\/\/www.youtube.com\/embed\/o9pQRBf6CCg?feature=oembed\" frameborder=\"0\" allow=\"accelerometer; autoplay; clipboard-write; encrypted-media; gyroscope; picture-in-picture; web-share\" allowfullscreen><\/iframe><\/p>\n<p><iframe loading=\"lazy\" title=\"\u201eDainos keliu\u201c  - Jaunojo dainininko DARIAUS NEMUROS istorija\" width=\"500\" height=\"281\" src=\"https:\/\/www.youtube.com\/embed\/2tVkXsMXEVE?feature=oembed\" frameborder=\"0\" allow=\"accelerometer; autoplay; clipboard-write; encrypted-media; gyroscope; picture-in-picture; web-share\" allowfullscreen><\/iframe><\/p>\n<p><iframe loading=\"lazy\" title=\"\u201eGINTAR\u0116LIS\u201c - Klaip\u0117dos Jaronimo Ka\u010dinsko muzikos mokyklos berniuk\u0173 ir jaunuoli\u0173 choras\" width=\"500\" height=\"281\" src=\"https:\/\/www.youtube.com\/embed\/zrWWXWQC69I?feature=oembed\" frameborder=\"0\" allow=\"accelerometer; autoplay; clipboard-write; encrypted-media; gyroscope; picture-in-picture; web-share\" allowfullscreen><\/iframe><\/p>\n<p>https:\/\/youtu.be\/pD6OAIaE2SA<\/p>","protected":false},"excerpt":{"rendered":"<p>https:\/\/youtu.be\/QFN1nBgD2RQ https:\/\/youtu.be\/pD6OAIaE2SA<\/p>\n","protected":false},"author":1,"featured_media":0,"parent":0,"menu_order":0,"comment_status":"closed","ping_status":"closed","template":"","meta":[],"_links":{"self":[{"href":"http:\/\/suvalkija.lt\/en\/wp-json\/wp\/v2\/pages\/14"}],"collection":[{"href":"http:\/\/suvalkija.lt\/en\/wp-json\/wp\/v2\/pages"}],"about":[{"href":"http:\/\/suvalkija.lt\/en\/wp-json\/wp\/v2\/types\/page"}],"author":[{"embeddable":true,"href":"http:\/\/suvalkija.lt\/en\/wp-json\/wp\/v2\/users\/1"}],"replies":[{"embeddable":true,"href":"http:\/\/suvalkija.lt\/en\/wp-json\/wp\/v2\/comments?post=14"}],"version-history":[{"count":90,"href":"http:\/\/suvalkija.lt\/en\/wp-json\/wp\/v2\/pages\/14\/revisions"}],"predecessor-version":[{"id":1102,"href":"http:\/\/suvalkija.lt\/en\/wp-json\/wp\/v2\/pages\/14\/revisions\/1102"}],"wp:attachment":[{"href":"http:\/\/suvalkija.lt\/en\/wp-json\/wp\/v2\/media?parent=14"}],"curies":[{"name":"wp","href":"https:\/\/api.w.org\/{rel}","templated":true}]}}